{"id":436,"date":"2013-11-25T21:51:51","date_gmt":"2013-11-25T21:51:51","guid":{"rendered":"http:\/\/necordbloodban.wpengine.com\/es\/?page_id=436"},"modified":"2014-03-12T15:51:17","modified_gmt":"2014-03-12T15:51:17","slug":"clients-first","status":"publish","type":"page","link":"https:\/\/www.cordbloodbank.com\/es\/clients-first\/","title":{"rendered":"Los clientes en primer lugar"},"content":{"rendered":"<p>Aunque no seamos el banco de sangre de cord\u00f3n m\u00e1s grande de los Estados Unidos, somos uno de los primeros y \u00a0m\u00e1s confiables. Nuestros m\u00e9todos y protocolos est\u00e1n aprobados por la Administraci\u00f3n de Medicamentos y Alimentos de los E.E.U.U, as\u00ed como tambi\u00e9n por la Asociaci\u00f3n Americana de Bancos de Sangre. Esto significa que nuestra capacidad de proteger sus c\u00e9lulas madre es lo m\u00e1s importante y hacemos esto con un nivel superior de servicio personalizado y atenci\u00f3n al cliente, brindando la sensaci\u00f3n de fiabilidad que solo puede dar una empresa familiar. Adem\u00e1s de esto, nuestros precios son considerablemente m\u00e1s bajos que los precios de otras empresas grandes e impersonales. Los \u201cgrandes empresarios\u201d invierten millones de d\u00f3lares en publicidad, lo cual influye en lo que sus clientes pagan. Nuestro modelo comercial se basa en la confianza y en la experiencia, lo que nos permite cobrar una tarifa mucho m\u00e1s razonable para almacenar la sangre del cord\u00f3n y nos brinda la posibilidad de almacenar para muchas m\u00e1s familias.<\/p>\n<p>Valoramos enormemente a cada uno de nuestros clientes y su decisi\u00f3n de confiarnos sus valiosas c\u00e9lulas madre. La decisi\u00f3n sobre d\u00f3nde almacenar las c\u00e9lulas madre de su hijo es tan importante para nosotros, como lo es para usted. Esa es una ideolog\u00eda que no encontrar\u00e1 en otro banco.<\/p>\n","protected":false},"excerpt":{"rendered":"<p>Aunque no seamos el banco de sangre de cord\u00f3n m\u00e1s grande de los Estados Unidos, somos uno de los primeros y \u00a0m\u00e1s confiables. Nuestros m\u00e9todos y protocolos est\u00e1n aprobados por la Administraci\u00f3n de Medicamentos y Alimentos de los E.E.U.U, as\u00ed como tambi\u00e9n por la Asociaci\u00f3n Americana de Bancos de Sangre. Esto significa que nuestra capacidad&hellip;&nbsp;<a href=\"https:\/\/www.cordbloodbank.com\/es\/clients-first\/\" class=\"\" rel=\"bookmark\">Read More &raquo;<span class=\"screen-reader-text\">Los clientes en primer lugar<\/span><\/a><\/p>\n","protected":false},"author":1,"featured_media":0,"parent":0,"menu_order":0,"comment_status":"closed","ping_status":"closed","template":"","meta":{"neve_meta_sidebar":"","neve_meta_container":"","neve_meta_enable_content_width":"","neve_meta_content_width":0,"neve_meta_title_alignment":"","neve_meta_author_avatar":"","neve_post_elements_order":"","neve_meta_disable_header":"","neve_meta_disable_footer":"","neve_meta_disable_title":"","footnotes":""},"class_list":["post-436","page","type-page","status-publish","hentry"],"yoast_head":"<!-- This site is optimized with the Yoast SEO plugin v24.1 - https:\/\/yoast.com\/wordpress\/plugins\/seo\/ -->\n<title>Los clientes en primer lugar - New England Cord Blood Bank en Espa\u00f1ol<\/title>\n<meta name=\"robots\" content=\"index, follow, max-snippet:-1, max-image-preview:large, max-video-preview:-1\" \/>\n<link rel=\"canonical\" href=\"https:\/\/www.cordbloodbank.com\/es\/clients-first\/\" \/>\n<meta name=\"twitter:label1\" content=\"Est. reading time\" \/>\n\t<meta name=\"twitter:data1\" content=\"1 minute\" \/>\n<script type=\"application\/ld+json\" class=\"yoast-schema-graph\">{\"@context\":\"https:\/\/schema.org\",\"@graph\":[{\"@type\":\"WebPage\",\"@id\":\"https:\/\/www.cordbloodbank.com\/es\/clients-first\/\",\"url\":\"https:\/\/www.cordbloodbank.com\/es\/clients-first\/\",\"name\":\"Los clientes en primer lugar - New England Cord Blood Bank en Espa\u00f1ol\",\"isPartOf\":{\"@id\":\"https:\/\/www.cordbloodbank.com\/es\/#website\"},\"datePublished\":\"2013-11-25T21:51:51+00:00\",\"dateModified\":\"2014-03-12T15:51:17+00:00\",\"breadcrumb\":{\"@id\":\"https:\/\/www.cordbloodbank.com\/es\/clients-first\/#breadcrumb\"},\"inLanguage\":\"en-US\",\"potentialAction\":[{\"@type\":\"ReadAction\",\"target\":[\"https:\/\/www.cordbloodbank.com\/es\/clients-first\/\"]}]},{\"@type\":\"BreadcrumbList\",\"@id\":\"https:\/\/www.cordbloodbank.com\/es\/clients-first\/#breadcrumb\",\"itemListElement\":[{\"@type\":\"ListItem\",\"position\":1,\"name\":\"Home\",\"item\":\"https:\/\/www.cordbloodbank.com\/es\/\"},{\"@type\":\"ListItem\",\"position\":2,\"name\":\"Los clientes en primer lugar\"}]},{\"@type\":\"WebSite\",\"@id\":\"https:\/\/www.cordbloodbank.com\/es\/#website\",\"url\":\"https:\/\/www.cordbloodbank.com\/es\/\",\"name\":\"New England Cord Blood Bank en Espa\u00f1ol\",\"description\":\"\",\"potentialAction\":[{\"@type\":\"SearchAction\",\"target\":{\"@type\":\"EntryPoint\",\"urlTemplate\":\"https:\/\/www.cordbloodbank.com\/es\/?s={search_term_string}\"},\"query-input\":{\"@type\":\"PropertyValueSpecification\",\"valueRequired\":true,\"valueName\":\"search_term_string\"}}],\"inLanguage\":\"en-US\"}]}<\/script>\n<!-- \/ Yoast SEO plugin. -->","yoast_head_json":{"title":"Los clientes en primer lugar - New England Cord Blood Bank en Espa\u00f1ol","robots":{"index":"index","follow":"follow","max-snippet":"max-snippet:-1","max-image-preview":"max-image-preview:large","max-video-preview":"max-video-preview:-1"},"canonical":"https:\/\/www.cordbloodbank.com\/es\/clients-first\/","twitter_misc":{"Est. reading time":"1 minute"},"schema":{"@context":"https:\/\/schema.org","@graph":[{"@type":"WebPage","@id":"https:\/\/www.cordbloodbank.com\/es\/clients-first\/","url":"https:\/\/www.cordbloodbank.com\/es\/clients-first\/","name":"Los clientes en primer lugar - New England Cord Blood Bank en Espa\u00f1ol","isPartOf":{"@id":"https:\/\/www.cordbloodbank.com\/es\/#website"},"datePublished":"2013-11-25T21:51:51+00:00","dateModified":"2014-03-12T15:51:17+00:00","breadcrumb":{"@id":"https:\/\/www.cordbloodbank.com\/es\/clients-first\/#breadcrumb"},"inLanguage":"en-US","potentialAction":[{"@type":"ReadAction","target":["https:\/\/www.cordbloodbank.com\/es\/clients-first\/"]}]},{"@type":"BreadcrumbList","@id":"https:\/\/www.cordbloodbank.com\/es\/clients-first\/#breadcrumb","itemListElement":[{"@type":"ListItem","position":1,"name":"Home","item":"https:\/\/www.cordbloodbank.com\/es\/"},{"@type":"ListItem","position":2,"name":"Los clientes en primer lugar"}]},{"@type":"WebSite","@id":"https:\/\/www.cordbloodbank.com\/es\/#website","url":"https:\/\/www.cordbloodbank.com\/es\/","name":"New England Cord Blood Bank en Espa\u00f1ol","description":"","potentialAction":[{"@type":"SearchAction","target":{"@type":"EntryPoint","urlTemplate":"https:\/\/www.cordbloodbank.com\/es\/?s={search_term_string}"},"query-input":{"@type":"PropertyValueSpecification","valueRequired":true,"valueName":"search_term_string"}}],"inLanguage":"en-US"}]}},"_links":{"self":[{"href":"https:\/\/www.cordbloodbank.com\/es\/wp-json\/wp\/v2\/pages\/436","targetHints":{"allow":["GET"]}}],"collection":[{"href":"https:\/\/www.cordbloodbank.com\/es\/wp-json\/wp\/v2\/pages"}],"about":[{"href":"https:\/\/www.cordbloodbank.com\/es\/wp-json\/wp\/v2\/types\/page"}],"author":[{"embeddable":true,"href":"https:\/\/www.cordbloodbank.com\/es\/wp-json\/wp\/v2\/users\/1"}],"replies":[{"embeddable":true,"href":"https:\/\/www.cordbloodbank.com\/es\/wp-json\/wp\/v2\/comments?post=436"}],"version-history":[{"count":0,"href":"https:\/\/www.cordbloodbank.com\/es\/wp-json\/wp\/v2\/pages\/436\/revisions"}],"wp:attachment":[{"href":"https:\/\/www.cordbloodbank.com\/es\/wp-json\/wp\/v2\/media?parent=436"}],"curies":[{"name":"wp","href":"https:\/\/api.w.org\/{rel}","templated":true}]}}