{"id":426,"date":"2013-11-25T21:47:56","date_gmt":"2013-11-25T21:47:56","guid":{"rendered":"http:\/\/necordbloodban.wpengine.com\/es\/?page_id=426"},"modified":"2016-05-14T00:28:12","modified_gmt":"2016-05-14T00:28:12","slug":"treatment-research","status":"publish","type":"page","link":"https:\/\/www.cordbloodbank.com\/es\/treatment-research\/","title":{"rendered":"Tratamiento e investigaci\u00f3n"},"content":{"rendered":"<h4>Tratamientos y participaci\u00f3n en investigaciones<\/h4>\n<p>Durante los \u00faltimos 10 a\u00f1os, New England Cord Blood Bank ha trabajado con los siguientes centros de trasplante, con la finalidad de enviar las c\u00e9lulas madre de sangre del cord\u00f3n de nuestros clientes, para su posible uso en trasplantes, investigaci\u00f3n o ensayos cl\u00ednicos de las condiciones m\u00e9dicas descritas a continuaci\u00f3n:<\/p>\n<p><b>Duke University<\/b><\/p>\n<ul>\n<li>Marzo de 2006: Falta de ox\u00edgeno en el nacimiento<\/li>\n<li>Julio de 2007: Encefalitis por herpes simple neonatal con da\u00f1o cerebral<\/li>\n<li>Julio de 2008: Par\u00e1lisis cerebral<\/li>\n<li>Marzo de 2009: Par\u00e1lisis cerebral leve<\/li>\n<li>Marzo de 2009:\u00a0Par\u00e1lisis cerebral<\/li>\n<li>Junio de 2009: Par\u00e1lisis cerebral<\/li>\n<li>Junio de 2011: Par\u00e1lisis cerebral<\/li>\n<li>Marzo de 2013:\u00a0Par\u00e1lisis cerebral<\/li>\n<\/ul>\n<p><strong>Sultan Qaboos University Hospital en Muscat, Oman<\/strong><\/p>\n<ul>\n<li>Octubre de 2003:\u00a0Para la reconstituci\u00f3n Hematopoy\u00e9tica<\/li>\n<\/ul>\n<p><strong>Boston Children&#8217;s Hospital<\/strong><\/p>\n<ul>\n<li>Mayo de 2004: Anemia de Fanconi<\/li>\n<\/ul>\n<p><b>King Hussein Cancer Center en Amman, Jordan<\/b><\/p>\n<ul>\n<li>Diciembre de 2007: Leucemia linfobl\u00e1stica aguda<\/li>\n<\/ul>\n<p><b>Children\u2019s Hospital of Philadelphia<\/b><\/p>\n<ul>\n<li>Octubre de 2006: Leucemia linfobl\u00e1stica aguda<\/li>\n<\/ul>\n<p><b>University of Minnesota Medical Center<\/b><\/p>\n<ul>\n<li>Julio de 2007: Anemia de Fanconi<\/li>\n<\/ul>\n<p><b>Children\u2019s Healthcare of Atlanta<\/b><\/p>\n<ul>\n<li>Enero de 2008: Meduloblastoma<\/li>\n<\/ul>\n<div>\n<h5>Confianza, experiencia y fiabilidad<\/h5>\n<p>Si bien es cierto, que en comparaci\u00f3n con algunos de los grandes bancos de sangre de cord\u00f3n, nuestra cantidad de unidades extra\u00eddas, para ser usadas en trasplantes, es baja (NECBB ha extra\u00eddo 14 unidades a partir del 11\/13), esa cantidad no deber\u00eda ser una preocupaci\u00f3n. Estamos\u00a0<i>contentos<\/i>\u00a0porque no muchos de nuestros clientes han necesitado acceder a sus c\u00e9lulas, \u00a1esto significa que sus familias gozan de buena salud! Sin embargo, puede tener la certeza de que contamos con la experiencia necesaria para trabajar con cualquier hospital o centro de trasplante, a fin de preparar y trasladar sus c\u00e9lulas de forma segura, si en alg\u00fan momento las necesita. Si se requiere la extracci\u00f3n de c\u00e9lulas, seguimos los protocolos m\u00e1s estrictos para garantizar un traslado seguro al centro m\u00e9dico designado. La clave es la tranquilidad: nuestra historia y experiencia profundas en la criopreservaci\u00f3n, les brinda a nuestros clientes la confianza de que su sangre y tejido de cord\u00f3n estar\u00e1n seguros y preparados para su uso si en alg\u00fan momento los necesitan.<\/p>\n<\/div>\n","protected":false},"excerpt":{"rendered":"<p>Tratamientos y participaci\u00f3n en investigaciones Durante los \u00faltimos 10 a\u00f1os, New England Cord Blood Bank ha trabajado con los siguientes centros de trasplante, con la finalidad de enviar las c\u00e9lulas madre de sangre del cord\u00f3n de nuestros clientes, para su posible uso en trasplantes, investigaci\u00f3n o ensayos cl\u00ednicos de las condiciones m\u00e9dicas descritas a continuaci\u00f3n:&hellip;&nbsp;<a href=\"https:\/\/www.cordbloodbank.com\/es\/treatment-research\/\" class=\"\" rel=\"bookmark\">Read More &raquo;<span class=\"screen-reader-text\">Tratamiento e investigaci\u00f3n<\/span><\/a><\/p>\n","protected":false},"author":1,"featured_media":458,"parent":0,"menu_order":0,"comment_status":"closed","ping_status":"closed","template":"","meta":{"neve_meta_sidebar":"","neve_meta_container":"","neve_meta_enable_content_width":"","neve_meta_content_width":0,"neve_meta_title_alignment":"","neve_meta_author_avatar":"","neve_post_elements_order":"","neve_meta_disable_header":"","neve_meta_disable_footer":"","neve_meta_disable_title":"","footnotes":""},"class_list":["post-426","page","type-page","status-publish","has-post-thumbnail","hentry"],"yoast_head":"<!-- This site is optimized with the Yoast SEO plugin v24.1 - https:\/\/yoast.com\/wordpress\/plugins\/seo\/ -->\n<title>Tratamiento e investigaci\u00f3n - New England Cord Blood Bank en Espa\u00f1ol<\/title>\n<meta name=\"robots\" content=\"index, follow, max-snippet:-1, max-image-preview:large, max-video-preview:-1\" \/>\n<link rel=\"canonical\" href=\"https:\/\/www.cordbloodbank.com\/es\/treatment-research\/\" \/>\n<meta name=\"twitter:label1\" content=\"Est. reading time\" \/>\n\t<meta name=\"twitter:data1\" content=\"2 minutes\" \/>\n<script type=\"application\/ld+json\" class=\"yoast-schema-graph\">{\"@context\":\"https:\/\/schema.org\",\"@graph\":[{\"@type\":\"WebPage\",\"@id\":\"https:\/\/www.cordbloodbank.com\/es\/treatment-research\/\",\"url\":\"https:\/\/www.cordbloodbank.com\/es\/treatment-research\/\",\"name\":\"Tratamiento e investigaci\u00f3n - New England Cord Blood Bank en Espa\u00f1ol\",\"isPartOf\":{\"@id\":\"https:\/\/www.cordbloodbank.com\/es\/#website\"},\"primaryImageOfPage\":{\"@id\":\"https:\/\/www.cordbloodbank.com\/es\/treatment-research\/#primaryimage\"},\"image\":{\"@id\":\"https:\/\/www.cordbloodbank.com\/es\/treatment-research\/#primaryimage\"},\"thumbnailUrl\":\"https:\/\/www.cordbloodbank.com\/es\/wp-content\/uploads\/sites\/2\/man-baby2.png\",\"datePublished\":\"2013-11-25T21:47:56+00:00\",\"dateModified\":\"2016-05-14T00:28:12+00:00\",\"breadcrumb\":{\"@id\":\"https:\/\/www.cordbloodbank.com\/es\/treatment-research\/#breadcrumb\"},\"inLanguage\":\"en-US\",\"potentialAction\":[{\"@type\":\"ReadAction\",\"target\":[\"https:\/\/www.cordbloodbank.com\/es\/treatment-research\/\"]}]},{\"@type\":\"ImageObject\",\"inLanguage\":\"en-US\",\"@id\":\"https:\/\/www.cordbloodbank.com\/es\/treatment-research\/#primaryimage\",\"url\":\"https:\/\/www.cordbloodbank.com\/es\/wp-content\/uploads\/sites\/2\/man-baby2.png\",\"contentUrl\":\"https:\/\/www.cordbloodbank.com\/es\/wp-content\/uploads\/sites\/2\/man-baby2.png\",\"width\":543,\"height\":223},{\"@type\":\"BreadcrumbList\",\"@id\":\"https:\/\/www.cordbloodbank.com\/es\/treatment-research\/#breadcrumb\",\"itemListElement\":[{\"@type\":\"ListItem\",\"position\":1,\"name\":\"Home\",\"item\":\"https:\/\/www.cordbloodbank.com\/es\/\"},{\"@type\":\"ListItem\",\"position\":2,\"name\":\"Tratamiento e investigaci\u00f3n\"}]},{\"@type\":\"WebSite\",\"@id\":\"https:\/\/www.cordbloodbank.com\/es\/#website\",\"url\":\"https:\/\/www.cordbloodbank.com\/es\/\",\"name\":\"New England Cord Blood Bank en Espa\u00f1ol\",\"description\":\"\",\"potentialAction\":[{\"@type\":\"SearchAction\",\"target\":{\"@type\":\"EntryPoint\",\"urlTemplate\":\"https:\/\/www.cordbloodbank.com\/es\/?s={search_term_string}\"},\"query-input\":{\"@type\":\"PropertyValueSpecification\",\"valueRequired\":true,\"valueName\":\"search_term_string\"}}],\"inLanguage\":\"en-US\"}]}<\/script>\n<!-- \/ Yoast SEO plugin. -->","yoast_head_json":{"title":"Tratamiento e investigaci\u00f3n - New England Cord Blood Bank en Espa\u00f1ol","robots":{"index":"index","follow":"follow","max-snippet":"max-snippet:-1","max-image-preview":"max-image-preview:large","max-video-preview":"max-video-preview:-1"},"canonical":"https:\/\/www.cordbloodbank.com\/es\/treatment-research\/","twitter_misc":{"Est. reading time":"2 minutes"},"schema":{"@context":"https:\/\/schema.org","@graph":[{"@type":"WebPage","@id":"https:\/\/www.cordbloodbank.com\/es\/treatment-research\/","url":"https:\/\/www.cordbloodbank.com\/es\/treatment-research\/","name":"Tratamiento e investigaci\u00f3n - New England Cord Blood Bank en Espa\u00f1ol","isPartOf":{"@id":"https:\/\/www.cordbloodbank.com\/es\/#website"},"primaryImageOfPage":{"@id":"https:\/\/www.cordbloodbank.com\/es\/treatment-research\/#primaryimage"},"image":{"@id":"https:\/\/www.cordbloodbank.com\/es\/treatment-research\/#primaryimage"},"thumbnailUrl":"https:\/\/www.cordbloodbank.com\/es\/wp-content\/uploads\/sites\/2\/man-baby2.png","datePublished":"2013-11-25T21:47:56+00:00","dateModified":"2016-05-14T00:28:12+00:00","breadcrumb":{"@id":"https:\/\/www.cordbloodbank.com\/es\/treatment-research\/#breadcrumb"},"inLanguage":"en-US","potentialAction":[{"@type":"ReadAction","target":["https:\/\/www.cordbloodbank.com\/es\/treatment-research\/"]}]},{"@type":"ImageObject","inLanguage":"en-US","@id":"https:\/\/www.cordbloodbank.com\/es\/treatment-research\/#primaryimage","url":"https:\/\/www.cordbloodbank.com\/es\/wp-content\/uploads\/sites\/2\/man-baby2.png","contentUrl":"https:\/\/www.cordbloodbank.com\/es\/wp-content\/uploads\/sites\/2\/man-baby2.png","width":543,"height":223},{"@type":"BreadcrumbList","@id":"https:\/\/www.cordbloodbank.com\/es\/treatment-research\/#breadcrumb","itemListElement":[{"@type":"ListItem","position":1,"name":"Home","item":"https:\/\/www.cordbloodbank.com\/es\/"},{"@type":"ListItem","position":2,"name":"Tratamiento e investigaci\u00f3n"}]},{"@type":"WebSite","@id":"https:\/\/www.cordbloodbank.com\/es\/#website","url":"https:\/\/www.cordbloodbank.com\/es\/","name":"New England Cord Blood Bank en Espa\u00f1ol","description":"","potentialAction":[{"@type":"SearchAction","target":{"@type":"EntryPoint","urlTemplate":"https:\/\/www.cordbloodbank.com\/es\/?s={search_term_string}"},"query-input":{"@type":"PropertyValueSpecification","valueRequired":true,"valueName":"search_term_string"}}],"inLanguage":"en-US"}]}},"_links":{"self":[{"href":"https:\/\/www.cordbloodbank.com\/es\/wp-json\/wp\/v2\/pages\/426","targetHints":{"allow":["GET"]}}],"collection":[{"href":"https:\/\/www.cordbloodbank.com\/es\/wp-json\/wp\/v2\/pages"}],"about":[{"href":"https:\/\/www.cordbloodbank.com\/es\/wp-json\/wp\/v2\/types\/page"}],"author":[{"embeddable":true,"href":"https:\/\/www.cordbloodbank.com\/es\/wp-json\/wp\/v2\/users\/1"}],"replies":[{"embeddable":true,"href":"https:\/\/www.cordbloodbank.com\/es\/wp-json\/wp\/v2\/comments?post=426"}],"version-history":[{"count":0,"href":"https:\/\/www.cordbloodbank.com\/es\/wp-json\/wp\/v2\/pages\/426\/revisions"}],"wp:featuredmedia":[{"embeddable":true,"href":"https:\/\/www.cordbloodbank.com\/es\/wp-json\/wp\/v2\/media\/458"}],"wp:attachment":[{"href":"https:\/\/www.cordbloodbank.com\/es\/wp-json\/wp\/v2\/media?parent=426"}],"curies":[{"name":"wp","href":"https:\/\/api.w.org\/{rel}","templated":true}]}}